{"id":8,"date":"2026-03-03T21:00:41","date_gmt":"2026-03-04T02:00:41","guid":{"rendered":"https:\/\/brizybody.com\/?page_id=8"},"modified":"2026-03-07T22:21:46","modified_gmt":"2026-03-08T03:21:46","slug":"home","status":"publish","type":"page","link":"https:\/\/brizybody.com\/","title":{"rendered":"Home"},"content":{"rendered":"<p style=\"text-align: left;\"><img loading=\"lazy\" decoding=\"async\" class=\"wp-image-15 alignright\" src=\"https:\/\/brizybody.com\/wp-content\/uploads\/Logo-1.2-300x300.png\" alt=\"\" width=\"303\" height=\"303\" srcset=\"https:\/\/brizybody.com\/wp-content\/uploads\/Logo-1.2-300x300.png 300w, https:\/\/brizybody.com\/wp-content\/uploads\/Logo-1.2-150x150.png 150w, https:\/\/brizybody.com\/wp-content\/uploads\/Logo-1.2-768x768.png 768w, https:\/\/brizybody.com\/wp-content\/uploads\/Logo-1.2.png 1024w\" sizes=\"auto, (max-width: 303px) 100vw, 303px\" \/><\/p>\n<div class=\"flex max-w-full flex-col gap-4 grow\">\n<div class=\"min-h-8 text-message relative flex w-full flex-col items-end gap-2 text-start break-words whitespace-normal [.text-message+&amp;]:mt-1\" dir=\"auto\" data-message-author-role=\"assistant\" data-message-id=\"9de91f08-bbf8-4b74-9d12-384b79c3c93a\" data-message-model-slug=\"gpt-5-3\">\n<div class=\"flex w-full flex-col gap-1 empty:hidden\">\n<div class=\"markdown prose dark:prose-invert w-full wrap-break-word dark markdown-new-styling\">\n<p style=\"text-align: left;\" data-start=\"0\" data-end=\"396\" data-is-last-node=\"\" data-is-only-node=\"\">Bienvenido a <strong data-start=\"13\" data-end=\"27\">Brizy Body<\/strong>, una marca inspirada en la frescura y esencia de la naturaleza. Nos dedicamos a crear productos artesanales como jabones naturales, velas arom\u00e1ticas y c\u00f3cteles de frutas, elaborados con cuidado y dedicaci\u00f3n en cada detalle. En Brizy Body buscamos ofrecer experiencias que combinen bienestar, aroma y frescura, pensadas para quienes disfrutan de lo natural y aut\u00e9ntico.<\/p>\n<\/div>\n<\/div>\n<\/div>\n<\/div>\n<div class=\"z-0 flex min-h-[46px] justify-start\"><\/div>\n<div class=\"mt-3 w-full empty:hidden\">\n<div class=\"text-center\">\n<div>\n<div class=\"inline-flex border border-gray-100 dark:border-gray-700 rounded-xl\">\n<div class=\"text-token-text-secondary flex items-center justify-center gap-4 px-4 py-2.5 text-sm whitespace-nowrap\"><\/div>\n<\/div>\n<\/div>\n<\/div>\n<\/div>\n","protected":false},"excerpt":{"rendered":"<p>Bienvenido a Brizy Body, una marca inspirada en la frescura y esencia de la naturaleza. Nos dedicamos a crear productos artesanales como jabones naturales, velas arom\u00e1ticas y c\u00f3cteles de frutas, elaborados con cuidado y dedicaci\u00f3n en cada detalle. En Brizy Body buscamos ofrecer experiencias que combinen bienestar, aroma y frescura, pensadas para quienes disfrutan de [&hellip;]<\/p>\n","protected":false},"author":1,"featured_media":0,"parent":0,"menu_order":0,"comment_status":"closed","ping_status":"closed","template":"","meta":{"_acf_changed":false,"footnotes":""},"class_list":["post-8","page","type-page","status-publish","hentry"],"acf":[],"_links":{"self":[{"href":"https:\/\/brizybody.com\/index.php\/wp-json\/wp\/v2\/pages\/8","targetHints":{"allow":["GET"]}}],"collection":[{"href":"https:\/\/brizybody.com\/index.php\/wp-json\/wp\/v2\/pages"}],"about":[{"href":"https:\/\/brizybody.com\/index.php\/wp-json\/wp\/v2\/types\/page"}],"author":[{"embeddable":true,"href":"https:\/\/brizybody.com\/index.php\/wp-json\/wp\/v2\/users\/1"}],"replies":[{"embeddable":true,"href":"https:\/\/brizybody.com\/index.php\/wp-json\/wp\/v2\/comments?post=8"}],"version-history":[{"count":4,"href":"https:\/\/brizybody.com\/index.php\/wp-json\/wp\/v2\/pages\/8\/revisions"}],"predecessor-version":[{"id":22,"href":"https:\/\/brizybody.com\/index.php\/wp-json\/wp\/v2\/pages\/8\/revisions\/22"}],"wp:attachment":[{"href":"https:\/\/brizybody.com\/index.php\/wp-json\/wp\/v2\/media?parent=8"}],"curies":[{"name":"wp","href":"https:\/\/api.w.org\/{rel}","templated":true}]}}